{"id":44,"date":"2018-08-15T13:23:00","date_gmt":"2018-08-15T13:23:00","guid":{"rendered":"http:\/\/neuewebseite.kggruenweisseulenberg.de\/?page_id=44"},"modified":"2025-11-25T15:07:10","modified_gmt":"2025-11-25T15:07:10","slug":"vorstand","status":"publish","type":"page","link":"https:\/\/kggruenweisseulenberg.de\/?page_id=44","title":{"rendered":"Vorstand"},"content":{"rendered":"\t\t<div data-elementor-type=\"wp-post\" data-elementor-id=\"44\" class=\"elementor elementor-44\">\n\t\t\t\t\t\t<section class=\"elementor-section elementor-top-section elementor-element elementor-element-1d9e2d6 elementor-section-boxed elementor-section-height-default elementor-section-height-default\" data-id=\"1d9e2d6\" data-element_type=\"section\" data-e-type=\"section\">\n\t\t\t\t\t\t<div class=\"elementor-container elementor-column-gap-default\">\n\t\t\t\t\t<div class=\"elementor-column elementor-col-100 elementor-top-column elementor-element elementor-element-a5820e7\" data-id=\"a5820e7\" data-element_type=\"column\" data-e-type=\"column\">\n\t\t\t<div class=\"elementor-widget-wrap elementor-element-populated\">\n\t\t\t\t\t\t<div class=\"elementor-element elementor-element-683146e elementor-widget elementor-widget-text-editor\" data-id=\"683146e\" data-element_type=\"widget\" data-e-type=\"widget\" data-widget_type=\"text-editor.default\">\n\t\t\t\t<div class=\"elementor-widget-container\">\n\t\t\t\t\t\t\t\t\t<p><strong>Mit Wirkung zum 21.11.2025 setzt sich der Vorstand wie folgt zusammen:<\/strong><\/p><p>1. Vorsitzender: Daniela Miebach<br \/>2. Vorsitzender: Nico Lammerich<br \/>Pr\u00e4sident: Andre Beltz<br \/>Gesch\u00e4ftsf\u00fchrer: Bruno Schumacher<br \/>Kassierer: Sebastian Miebach<\/p>\t\t\t\t\t\t\t\t<\/div>\n\t\t\t\t<\/div>\n\t\t\t\t<div class=\"elementor-element elementor-element-17100b7 elementor-widget elementor-widget-spacer\" data-id=\"17100b7\" data-element_type=\"widget\" data-e-type=\"widget\" data-widget_type=\"spacer.default\">\n\t\t\t\t<div class=\"elementor-widget-container\">\n\t\t\t\t\t\t\t<div class=\"elementor-spacer\">\n\t\t\t<div class=\"elementor-spacer-inner\"><\/div>\n\t\t<\/div>\n\t\t\t\t\t\t<\/div>\n\t\t\t\t<\/div>\n\t\t\t\t\t<\/div>\n\t\t<\/div>\n\t\t\t\t\t<\/div>\n\t\t<\/section>\n\t\t\t\t<section class=\"elementor-section elementor-top-section elementor-element elementor-element-bd7b542 elementor-section-boxed elementor-section-height-default elementor-section-height-default\" data-id=\"bd7b542\" data-element_type=\"section\" data-e-type=\"section\">\n\t\t\t\t\t\t<div class=\"elementor-container elementor-column-gap-default\">\n\t\t\t\t\t<div class=\"elementor-column elementor-col-33 elementor-top-column elementor-element elementor-element-54a0dcd\" data-id=\"54a0dcd\" data-element_type=\"column\" data-e-type=\"column\">\n\t\t\t<div class=\"elementor-widget-wrap elementor-element-populated\">\n\t\t\t\t\t\t<div class=\"elementor-element elementor-element-238d43e elementor-position-top elementor-widget elementor-widget-image-box\" data-id=\"238d43e\" data-element_type=\"widget\" data-e-type=\"widget\" data-widget_type=\"image-box.default\">\n\t\t\t\t<div class=\"elementor-widget-container\">\n\t\t\t\t\t<div class=\"elementor-image-box-wrapper\"><figure class=\"elementor-image-box-img\"><img fetchpriority=\"high\" decoding=\"async\" width=\"286\" height=\"400\" src=\"https:\/\/kggruenweisseulenberg.de\/wp-content\/uploads\/2018\/11\/Bodo-Wolff.jpg\" class=\"attachment-full size-full wp-image-352\" alt=\"\" srcset=\"https:\/\/kggruenweisseulenberg.de\/wp-content\/uploads\/2018\/11\/Bodo-Wolff.jpg 286w, https:\/\/kggruenweisseulenberg.de\/wp-content\/uploads\/2018\/11\/Bodo-Wolff-215x300.jpg 215w\" sizes=\"(max-width: 286px) 100vw, 286px\" \/><\/figure><div class=\"elementor-image-box-content\"><h3 class=\"elementor-image-box-title\">1. Vorsitzender: Daniela Miebach<\/h3><\/div><\/div>\t\t\t\t<\/div>\n\t\t\t\t<\/div>\n\t\t\t\t\t<\/div>\n\t\t<\/div>\n\t\t\t\t<div class=\"elementor-column elementor-col-33 elementor-top-column elementor-element elementor-element-c48a729\" data-id=\"c48a729\" data-element_type=\"column\" data-e-type=\"column\">\n\t\t\t<div class=\"elementor-widget-wrap elementor-element-populated\">\n\t\t\t\t\t\t<div class=\"elementor-element elementor-element-6297273 elementor-position-top elementor-widget elementor-widget-image-box\" data-id=\"6297273\" data-element_type=\"widget\" data-e-type=\"widget\" data-widget_type=\"image-box.default\">\n\t\t\t\t<div class=\"elementor-widget-container\">\n\t\t\t\t\t<div class=\"elementor-image-box-wrapper\"><figure class=\"elementor-image-box-img\"><img decoding=\"async\" width=\"286\" height=\"400\" src=\"https:\/\/kggruenweisseulenberg.de\/wp-content\/uploads\/2018\/11\/Karl-Heinz-Urbat.jpg\" class=\"attachment-full size-full wp-image-367\" alt=\"\" srcset=\"https:\/\/kggruenweisseulenberg.de\/wp-content\/uploads\/2018\/11\/Karl-Heinz-Urbat.jpg 286w, https:\/\/kggruenweisseulenberg.de\/wp-content\/uploads\/2018\/11\/Karl-Heinz-Urbat-215x300.jpg 215w\" sizes=\"(max-width: 286px) 100vw, 286px\" \/><\/figure><div class=\"elementor-image-box-content\"><h3 class=\"elementor-image-box-title\">2. Vorsitzender: Nico Lammerich<\/h3><\/div><\/div>\t\t\t\t<\/div>\n\t\t\t\t<\/div>\n\t\t\t\t\t<\/div>\n\t\t<\/div>\n\t\t\t\t<div class=\"elementor-column elementor-col-33 elementor-top-column elementor-element elementor-element-5405e82\" data-id=\"5405e82\" data-element_type=\"column\" data-e-type=\"column\">\n\t\t\t<div class=\"elementor-widget-wrap elementor-element-populated\">\n\t\t\t\t\t\t<div class=\"elementor-element elementor-element-5333c7f elementor-position-top elementor-widget elementor-widget-image-box\" data-id=\"5333c7f\" data-element_type=\"widget\" data-e-type=\"widget\" data-widget_type=\"image-box.default\">\n\t\t\t\t<div class=\"elementor-widget-container\">\n\t\t\t\t\t<div class=\"elementor-image-box-wrapper\"><figure class=\"elementor-image-box-img\"><img decoding=\"async\" width=\"2418\" height=\"3224\" src=\"https:\/\/kggruenweisseulenberg.de\/wp-content\/uploads\/2019\/10\/Andre_Beltz.jpg\" class=\"attachment-full size-full wp-image-907\" alt=\"\" srcset=\"https:\/\/kggruenweisseulenberg.de\/wp-content\/uploads\/2019\/10\/Andre_Beltz.jpg 2418w, https:\/\/kggruenweisseulenberg.de\/wp-content\/uploads\/2019\/10\/Andre_Beltz-225x300.jpg 225w, https:\/\/kggruenweisseulenberg.de\/wp-content\/uploads\/2019\/10\/Andre_Beltz-768x1024.jpg 768w\" sizes=\"(max-width: 2418px) 100vw, 2418px\" \/><\/figure><div class=\"elementor-image-box-content\"><h3 class=\"elementor-image-box-title\">Pr\u00e4sident: Andr\u00e9 Beltz<\/h3><\/div><\/div>\t\t\t\t<\/div>\n\t\t\t\t<\/div>\n\t\t\t\t\t<\/div>\n\t\t<\/div>\n\t\t\t\t\t<\/div>\n\t\t<\/section>\n\t\t\t\t<section class=\"elementor-section elementor-top-section elementor-element elementor-element-079eb42 elementor-section-boxed elementor-section-height-default elementor-section-height-default\" data-id=\"079eb42\" data-element_type=\"section\" data-e-type=\"section\">\n\t\t\t\t\t\t<div class=\"elementor-container elementor-column-gap-default\">\n\t\t\t\t\t<div class=\"elementor-column elementor-col-33 elementor-top-column elementor-element elementor-element-7b29c7b\" data-id=\"7b29c7b\" data-element_type=\"column\" data-e-type=\"column\">\n\t\t\t<div class=\"elementor-widget-wrap elementor-element-populated\">\n\t\t\t\t\t\t<div class=\"elementor-element elementor-element-540b0e6 elementor-position-top elementor-widget elementor-widget-image-box\" data-id=\"540b0e6\" data-element_type=\"widget\" data-e-type=\"widget\" data-widget_type=\"image-box.default\">\n\t\t\t\t<div class=\"elementor-widget-container\">\n\t\t\t\t\t<div class=\"elementor-image-box-wrapper\"><figure class=\"elementor-image-box-img\"><img loading=\"lazy\" decoding=\"async\" width=\"2400\" height=\"3200\" src=\"https:\/\/kggruenweisseulenberg.de\/wp-content\/uploads\/2019\/10\/Bruno_Schumacher-1.jpg\" class=\"attachment-full size-full wp-image-903\" alt=\"\" srcset=\"https:\/\/kggruenweisseulenberg.de\/wp-content\/uploads\/2019\/10\/Bruno_Schumacher-1.jpg 2400w, https:\/\/kggruenweisseulenberg.de\/wp-content\/uploads\/2019\/10\/Bruno_Schumacher-1-225x300.jpg 225w, https:\/\/kggruenweisseulenberg.de\/wp-content\/uploads\/2019\/10\/Bruno_Schumacher-1-768x1024.jpg 768w\" sizes=\"(max-width: 2400px) 100vw, 2400px\" \/><\/figure><div class=\"elementor-image-box-content\"><h3 class=\"elementor-image-box-title\">Gesch\u00e4ftsf\u00fchrer: Bruno Schumacher <\/h3><\/div><\/div>\t\t\t\t<\/div>\n\t\t\t\t<\/div>\n\t\t\t\t\t<\/div>\n\t\t<\/div>\n\t\t\t\t<div class=\"elementor-column elementor-col-33 elementor-top-column elementor-element elementor-element-02e2d08\" data-id=\"02e2d08\" data-element_type=\"column\" data-e-type=\"column\">\n\t\t\t<div class=\"elementor-widget-wrap elementor-element-populated\">\n\t\t\t\t\t\t<div class=\"elementor-element elementor-element-3328701 elementor-position-top elementor-widget elementor-widget-image-box\" data-id=\"3328701\" data-element_type=\"widget\" data-e-type=\"widget\" data-widget_type=\"image-box.default\">\n\t\t\t\t<div class=\"elementor-widget-container\">\n\t\t\t\t\t<div class=\"elementor-image-box-wrapper\"><figure class=\"elementor-image-box-img\"><img decoding=\"async\" width=\"286\" height=\"400\" src=\"https:\/\/kggruenweisseulenberg.de\/wp-content\/uploads\/2018\/11\/Karl-Heinz-Urbat.jpg\" class=\"attachment-full size-full wp-image-367\" alt=\"\" srcset=\"https:\/\/kggruenweisseulenberg.de\/wp-content\/uploads\/2018\/11\/Karl-Heinz-Urbat.jpg 286w, https:\/\/kggruenweisseulenberg.de\/wp-content\/uploads\/2018\/11\/Karl-Heinz-Urbat-215x300.jpg 215w\" sizes=\"(max-width: 286px) 100vw, 286px\" \/><\/figure><div class=\"elementor-image-box-content\"><h3 class=\"elementor-image-box-title\">Kassierer: Sebastian Miebach<\/h3><\/div><\/div>\t\t\t\t<\/div>\n\t\t\t\t<\/div>\n\t\t\t\t\t<\/div>\n\t\t<\/div>\n\t\t\t\t<div class=\"elementor-column elementor-col-33 elementor-top-column elementor-element elementor-element-aea6b9e\" data-id=\"aea6b9e\" data-element_type=\"column\" data-e-type=\"column\">\n\t\t\t<div class=\"elementor-widget-wrap elementor-element-populated\">\n\t\t\t\t\t\t<div class=\"elementor-element elementor-element-25df7c7 elementor-position-top elementor-widget elementor-widget-image-box\" data-id=\"25df7c7\" data-element_type=\"widget\" data-e-type=\"widget\" data-widget_type=\"image-box.default\">\n\t\t\t\t<div class=\"elementor-widget-container\">\n\t\t\t\t\t<div class=\"elementor-image-box-wrapper\"><figure class=\"elementor-image-box-img\"><img loading=\"lazy\" decoding=\"async\" width=\"286\" height=\"400\" src=\"https:\/\/kggruenweisseulenberg.de\/wp-content\/uploads\/2018\/11\/hans_peter_hoehner.jpg\" class=\"attachment-full size-full wp-image-348\" alt=\"\" srcset=\"https:\/\/kggruenweisseulenberg.de\/wp-content\/uploads\/2018\/11\/hans_peter_hoehner.jpg 286w, https:\/\/kggruenweisseulenberg.de\/wp-content\/uploads\/2018\/11\/hans_peter_hoehner-215x300.jpg 215w\" sizes=\"(max-width: 286px) 100vw, 286px\" \/><\/figure><div class=\"elementor-image-box-content\"><h3 class=\"elementor-image-box-title\">Ehrenvorsitzender: Hans-Peter H\u00f6hner<\/h3><\/div><\/div>\t\t\t\t<\/div>\n\t\t\t\t<\/div>\n\t\t\t\t\t<\/div>\n\t\t<\/div>\n\t\t\t\t\t<\/div>\n\t\t<\/section>\n\t\t\t\t<\/div>\n\t\t","protected":false},"excerpt":{"rendered":"<p>Mit Wirkung zum 21.11.2025 setzt sich der Vorstand wie folgt zusammen: 1. Vorsitzender: Daniela Miebach2. Vorsitzender: Nico LammerichPr\u00e4sident: Andre BeltzGesch\u00e4ftsf\u00fchrer: Bruno SchumacherKassierer: Sebastian Miebach 1. Vorsitzender: Daniela Miebach 2. Vorsitzender: Nico Lammerich Pr\u00e4sident: Andr\u00e9 Beltz Gesch\u00e4ftsf\u00fchrer: Bruno Schumacher Kassierer: Sebastian Miebach Ehrenvorsitzender: Hans-Peter H\u00f6hner<\/p>\n","protected":false},"author":1,"featured_media":0,"parent":0,"menu_order":0,"comment_status":"closed","ping_status":"closed","template":"","meta":{"ocean_post_layout":"","ocean_both_sidebars_style":"","ocean_both_sidebars_content_width":0,"ocean_both_sidebars_sidebars_width":0,"ocean_sidebar":"0","ocean_second_sidebar":"0","ocean_disable_margins":"enable","ocean_add_body_class":"","ocean_shortcode_before_top_bar":"","ocean_shortcode_after_top_bar":"","ocean_shortcode_before_header":"","ocean_shortcode_after_header":"","ocean_has_shortcode":"","ocean_shortcode_after_title":"","ocean_shortcode_before_footer_widgets":"","ocean_shortcode_after_footer_widgets":"","ocean_shortcode_before_footer_bottom":"","ocean_shortcode_after_footer_bottom":"","ocean_display_top_bar":"default","ocean_display_header":"default","ocean_header_style":"","ocean_center_header_left_menu":"0","ocean_custom_header_template":"0","ocean_custom_logo":0,"ocean_custom_retina_logo":0,"ocean_custom_logo_max_width":0,"ocean_custom_logo_tablet_max_width":0,"ocean_custom_logo_mobile_max_width":0,"ocean_custom_logo_max_height":0,"ocean_custom_logo_tablet_max_height":0,"ocean_custom_logo_mobile_max_height":0,"ocean_header_custom_menu":"0","ocean_menu_typo_font_family":"0","ocean_menu_typo_font_subset":"","ocean_menu_typo_font_size":0,"ocean_menu_typo_font_size_tablet":0,"ocean_menu_typo_font_size_mobile":0,"ocean_menu_typo_font_size_unit":"px","ocean_menu_typo_font_weight":"","ocean_menu_typo_font_weight_tablet":"","ocean_menu_typo_font_weight_mobile":"","ocean_menu_typo_transform":"","ocean_menu_typo_transform_tablet":"","ocean_menu_typo_transform_mobile":"","ocean_menu_typo_line_height":0,"ocean_menu_typo_line_height_tablet":0,"ocean_menu_typo_line_height_mobile":0,"ocean_menu_typo_line_height_unit":"","ocean_menu_typo_spacing":0,"ocean_menu_typo_spacing_tablet":0,"ocean_menu_typo_spacing_mobile":0,"ocean_menu_typo_spacing_unit":"","ocean_menu_link_color":"","ocean_menu_link_color_hover":"","ocean_menu_link_color_active":"","ocean_menu_link_background":"","ocean_menu_link_hover_background":"","ocean_menu_link_active_background":"","ocean_menu_social_links_bg":"","ocean_menu_social_hover_links_bg":"","ocean_menu_social_links_color":"","ocean_menu_social_hover_links_color":"","ocean_disable_title":"on","ocean_disable_heading":"default","ocean_post_title":"","ocean_post_subheading":"","ocean_post_title_style":"","ocean_post_title_background_color":"","ocean_post_title_background":0,"ocean_post_title_bg_image_position":"","ocean_post_title_bg_image_attachment":"","ocean_post_title_bg_image_repeat":"","ocean_post_title_bg_image_size":"","ocean_post_title_height":0,"ocean_post_title_bg_overlay":0.5,"ocean_post_title_bg_overlay_color":"","ocean_disable_breadcrumbs":"default","ocean_breadcrumbs_color":"","ocean_breadcrumbs_separator_color":"","ocean_breadcrumbs_links_color":"","ocean_breadcrumbs_links_hover_color":"","ocean_display_footer_widgets":"default","ocean_display_footer_bottom":"default","ocean_custom_footer_template":"0","footnotes":""},"class_list":["post-44","page","type-page","status-publish","hentry","entry"],"_links":{"self":[{"href":"https:\/\/kggruenweisseulenberg.de\/index.php?rest_route=\/wp\/v2\/pages\/44","targetHints":{"allow":["GET"]}}],"collection":[{"href":"https:\/\/kggruenweisseulenberg.de\/index.php?rest_route=\/wp\/v2\/pages"}],"about":[{"href":"https:\/\/kggruenweisseulenberg.de\/index.php?rest_route=\/wp\/v2\/types\/page"}],"author":[{"embeddable":true,"href":"https:\/\/kggruenweisseulenberg.de\/index.php?rest_route=\/wp\/v2\/users\/1"}],"replies":[{"embeddable":true,"href":"https:\/\/kggruenweisseulenberg.de\/index.php?rest_route=%2Fwp%2Fv2%2Fcomments&post=44"}],"version-history":[{"count":50,"href":"https:\/\/kggruenweisseulenberg.de\/index.php?rest_route=\/wp\/v2\/pages\/44\/revisions"}],"predecessor-version":[{"id":1519,"href":"https:\/\/kggruenweisseulenberg.de\/index.php?rest_route=\/wp\/v2\/pages\/44\/revisions\/1519"}],"wp:attachment":[{"href":"https:\/\/kggruenweisseulenberg.de\/index.php?rest_route=%2Fwp%2Fv2%2Fmedia&parent=44"}],"curies":[{"name":"wp","href":"https:\/\/api.w.org\/{rel}","templated":true}]}}